{"id":723,"date":"2022-10-20T13:13:24","date_gmt":"2022-10-20T11:13:24","guid":{"rendered":"https:\/\/hbim4lazioheritage.ispc.cnr.it\/?page_id=723"},"modified":"2023-11-11T14:28:25","modified_gmt":"2023-11-11T13:28:25","slug":"collaborazioni","status":"publish","type":"page","link":"https:\/\/hbim4lazioheritage.ispc.cnr.it\/en\/collaborazioni\/","title":{"rendered":"Collaborations"},"content":{"rendered":"<p>[et_pb_section fb_built=&#8221;1&#8243; _builder_version=&#8221;4.23&#8243; _module_preset=&#8221;default&#8221; global_colors_info=&#8221;{}&#8221;][et_pb_row _builder_version=&#8221;4.23&#8243; _module_preset=&#8221;default&#8221; global_colors_info=&#8221;{}&#8221;][et_pb_column type=&#8221;4_4&#8243; _builder_version=&#8221;4.23&#8243; _module_preset=&#8221;default&#8221; global_colors_info=&#8221;{}&#8221;][et_pb_text _builder_version=&#8221;4.23&#8243; _module_preset=&#8221;default&#8221; global_colors_info=&#8221;{}&#8221;]<\/p>\n<h1><strong>Collaborations and connection with the business structure<\/strong><\/h1>\n<p>[\/et_pb_text][\/et_pb_column][\/et_pb_row][\/et_pb_section][et_pb_section fb_built=&#8221;1&#8243; _builder_version=&#8221;4.23&#8243; _module_preset=&#8221;default&#8221; custom_padding=&#8221;0px|||||&#8221; global_colors_info=&#8221;{}&#8221;][et_pb_row _builder_version=&#8221;4.23&#8243; _module_preset=&#8221;default&#8221; global_colors_info=&#8221;{}&#8221;][et_pb_column type=&#8221;4_4&#8243; _builder_version=&#8221;4.23&#8243; _module_preset=&#8221;default&#8221; global_colors_info=&#8221;{}&#8221;][et_pb_text _builder_version=&#8221;4.23.1&#8243; _module_preset=&#8221;default&#8221; global_colors_info=&#8221;{}&#8221;]Il progetto propone la definizione di un protocollo con cui regolare il flusso di lavoro legato alla creazione di un modello informativo (HBIM) in grado di documentare i luoghi di cultura visitabili e fruibili da un ampio pubblico (museo, edifici pubblici, siti archeologici ecc.). Per questa peculiarit\u00e0 di essere luoghi con un forte valore culturale e di interesse pubblico i modelli da creare non sono semplicemente frutto di una procedura di Information Modeling per il patrimonio storico, ma sono integrati anche con dati forniti dalle seguenti realt\u00e0 imprenditoriali:<\/p>\n<ul>\n<li>Businesses capable of developing and testing three-dimensional survey methodologies in various fields: that of conservation, restoration, architectural heritage, archaeological heritage, and industrial engineering. Entities that against an acquired morphological data, are able to return a basic informed model using contemporary BIM authoring software;<\/li>\n<li>Businesses that generally deal with building and site management systems, aimed at controlling and monitoring facilities for the environmental comfort of cultural property and visitors. Business entities involved in local or remote management (through the use of digital sensors) of environments enjoyed by a wide public or specialized personnel; services include the development of interfaces for reading and guided management of collected data;<\/li>\n<li>Information and communication technology (ICT and IoT) companies capable of developing methods and techniques for the transmission, reception and processing of data and information (including digital technologies). The data to be acquired and managed are those capable of defining safe enjoyment within the examined spaces, while at the same time enabling augmented enjoyment (AR, VR, MR) of the cultural asset in question.<\/li>\n<\/ul>\n<p>The types of companies mentioned already exhibit solid technical skills and, by acquiring the guidelines of the protocol developed with HBIM4lazioHERITAGE, enter a wider cultural market in which the Lazio Region is rich in terms of buildings and sites. In addition, the same procedure finds a fertile business environment in the entire national territory due to the high concentration of cultural assets in our territory and more generally in Europe.<\/p>\n<p>The results of the project aim at the economic benefit of two possible entrepreneurial realities.<br \/>\n1 - On the one hand, the plurality of skills provided by the workflow suggests the establishment at medium scale of new entrepreneurial entities capable of using culture as an input and that from it are able to return a product that places the protocol defined by HBIM4lazioHERITAGE at the basis of the work.<br \/>\n2 - On the other hand, the same plurality of skills can be covered with the establishment of a consortium of companies already working in related sectors to those listed above, thus possessing strong technical skills that, through the union of skills, are able to cover all the themes expressed in the protocol defined by HBIM4lazioHERITAGE, even on large-scale cultural subjects.<\/p>\n<p>Sono numerose le collaborazioni con enti e imprese laziali, ad esse si far\u00e0 riferimento per la valorizzazione e diffusione nel mercato del prodotto finale. Tra queste citiamo:[\/et_pb_text][\/et_pb_column][\/et_pb_row][et_pb_row column_structure=&#8221;1_2,1_2&#8243; _builder_version=&#8221;4.23&#8243; _module_preset=&#8221;default&#8221; global_colors_info=&#8221;{}&#8221;][et_pb_column type=&#8221;1_2&#8243; _builder_version=&#8221;4.23&#8243; _module_preset=&#8221;default&#8221; global_colors_info=&#8221;{}&#8221;][et_pb_image src=&#8221;https:\/\/hbim4lazioheritage.ispc.cnr.it\/wp-content\/uploads\/2023\/10\/DartCdB_logo_epigrafe_grigio_rit.png&#8221; title_text=&#8221;DartCdB_logo_epigrafe_grigio_rit&#8221; url=&#8221;https:\/\/www.chiostrodelbramante.it\/&#8221; url_new_window=&#8221;on&#8221; _builder_version=&#8221;4.23&#8243; _module_preset=&#8221;default&#8221; custom_margin=&#8221;|2px||||&#8221; global_colors_info=&#8221;{}&#8221;][\/et_pb_image][\/et_pb_column][et_pb_column type=&#8221;1_2&#8243; _builder_version=&#8221;4.23&#8243; _module_preset=&#8221;default&#8221; global_colors_info=&#8221;{}&#8221;][et_pb_text _builder_version=&#8221;4.23.1&#8243; _module_preset=&#8221;default&#8221; global_colors_info=&#8221;{}&#8221;]La societ\u00e0 DART- Chiostro del Bramante, nata da un progetto visionario di Patrizia de Marco e oggi in capo a Laura de Marco, Giulia de Marco e Natalia de Marco, ha curato la riconversione degli spazi adibiti all\u2019attivit\u00e0 conventuale a spazi espositivi, creando un polo culturale delle arti visive di riferimento per la Citt\u00e0 di Roma e nel mondo, valorizzando e promuovendo cosi anche il Chiostro del Bramante stesso. La mission di DART \u2013 Chiostro del Bramante \u00e8 quella di rendere fruibile l\u2019arte a tutte le diverse tipologie del pubblico attraverso la ricerca di una comunicazione inclusiva a pi\u00f9 livelli (dall\u2019allestimento alla didattica, dalle audioguide alla costante presenza online, dalle visite accessibili in LIS a quelle tattili) garantendo un\u2019esperienza entusiasmante e mai scontata. (<strong><a href=\"https:\/\/www.chiostrodelbramante.it\/\" target=\"_blank\" rel=\"noopener\">https:\/\/www.chiostrodelbramante.it\/<\/a><\/strong>)[\/et_pb_text][\/et_pb_column][\/et_pb_row][et_pb_row column_structure=&#8221;1_2,1_2&#8243; _builder_version=&#8221;4.23&#8243; _module_preset=&#8221;default&#8221; global_colors_info=&#8221;{}&#8221;][et_pb_column type=&#8221;1_2&#8243; _builder_version=&#8221;4.23&#8243; _module_preset=&#8221;default&#8221; global_colors_info=&#8221;{}&#8221;][et_pb_image src=&#8221;https:\/\/hbim4lazioheritage.ispc.cnr.it\/wp-content\/uploads\/2023\/10\/logo_web-2-e1607595191359.png&#8221; title_text=&#8221;logo_web-2-e1607595191359&#8243; url=&#8221;https:\/\/www.bleb.it\/&#8221; url_new_window=&#8221;on&#8221; _builder_version=&#8221;4.23&#8243; _module_preset=&#8221;default&#8221; custom_margin=&#8221;|2px||||&#8221; global_colors_info=&#8221;{}&#8221;][\/et_pb_image][\/et_pb_column][et_pb_column type=&#8221;1_2&#8243; _builder_version=&#8221;4.23&#8243; _module_preset=&#8221;default&#8221; global_colors_info=&#8221;{}&#8221;][et_pb_text _builder_version=&#8221;4.23.1&#8243; _module_preset=&#8221;default&#8221; custom_padding=&#8221;||0px|||&#8221; global_colors_info=&#8221;{}&#8221;]Bleb Technology nasce dall&#8217;esperienza ultraventennale maturata dal suo fondatore, Ing. Fabrizio Innocenti, nella realizzazione di nuovi prodotti e come integratore di sistema, che, recependo la necessit\u00e0 di fornire una \u201crisposta efficiente\u201d alle aziende intenzionate a sviluppare nuove soluzioni e\/o prodotti in ambito IOT, Wearable ed RFID attiva, ha ideato uno speciale abilitatore tecnologico. La piattaforma cosi realizzata si basa su piccoli mattoncini intelligenti denominati &#8220;BleBricks&#8221;\u200b. che una volta incastrati insieme con la stessa semplicit\u00e0 del LEGO, si autoconfigurano per dar vita in un attimo ad un &#8220;nuovo&#8221;\u200b dispositivo Bluetooth\/NFC che integri le funzioni di sensing ed interfaccia desiderate. L&#8217;uso di questa tecnologia non richiede esperienze tecniche, scrittura di linee di codice o progettazione di alcun genere, e permette di ridurre a zero tempi e costi di sviluppo per la realizzazione di nuovi prototipi, abbattendo uno dei principali ostacoli all&#8217;innovazione e diminuendo la percezione del rischio per le imprese che vogliono innovare. (<b><a href=\"https:\/\/www.bleb.it\/\" target=\"_blank\" rel=\"noopener\">https:\/\/www.bleb.it\/<\/a><\/b>)[\/et_pb_text][\/et_pb_column][\/et_pb_row][et_pb_row column_structure=&#8221;1_2,1_2&#8243; _builder_version=&#8221;4.23&#8243; _module_preset=&#8221;default&#8221; global_colors_info=&#8221;{}&#8221;][et_pb_column type=&#8221;1_2&#8243; _builder_version=&#8221;4.23&#8243; _module_preset=&#8221;default&#8221; global_colors_info=&#8221;{}&#8221;][et_pb_image src=&#8221;https:\/\/hbim4lazioheritage.ispc.cnr.it\/wp-content\/uploads\/2022\/10\/logo-systema.png&#8221; title_text=&#8221;logo-systema&#8221; url=&#8221;https:\/\/www.systemasrl.it\/&#8221; url_new_window=&#8221;on&#8221; _builder_version=&#8221;4.23&#8243; _module_preset=&#8221;default&#8221; custom_margin=&#8221;|2px||||&#8221; global_colors_info=&#8221;{}&#8221;][\/et_pb_image][\/et_pb_column][et_pb_column type=&#8221;1_2&#8243; _builder_version=&#8221;4.23&#8243; _module_preset=&#8221;default&#8221; global_colors_info=&#8221;{}&#8221;][et_pb_text _builder_version=&#8221;4.23.1&#8243; _module_preset=&#8221;default&#8221; hover_enabled=&#8221;0&#8243; global_colors_info=&#8221;{}&#8221; sticky_enabled=&#8221;0&#8243;]Systema srl \u00e8 la societ\u00e0 di consulenza informatica e sviluppo software in grado di supportare le aziende impegnate nei pi\u00f9 disparati settori, con particolare attenzione a quelle specializzate nella progettazione professionale sia in campo manifatturiero che in campo architettonico e civile. L\u2019esperienza cresciuta in oltre 20 anni di attivit\u00e0, ha reso Systema srl un vero e proprio System Integrator in grado di consigliare e affiancare la propria clientela in tutto il percorso di informatizzazione aziendale con soluzioni complete di qualsiasi dimensione: da una singola postazione fino a reti complesse, attraverso l\u2019analisi e la precisa individuazione delle caratteristiche e necessit\u00e0 dell\u2019azienda e del suo modello di business. Systema srl propone sistemi informativi capaci di \u201ccreare valore\u201d, supportando in modo affidabile il lavoro quotidiano e migliorando concretamente flussi e processi aziendali. L\u2019approccio non si limita solo alla realizzazione di \u201cquello che chiede il Cliente\u201d, ma mettiamo in campo l\u2019insieme di conoscenze, capacit\u00e0, competenze, componenti tecnologici ed applicativi, frutto di una ineguagliabile esperienza maturata al fianco delle Aziende Italiane. (<strong><a href=\"https:\/\/www.systemasrl.it\/\" target=\"_blank\" rel=\"noopener\">https:\/\/www.systemasrl.it\/<\/a><\/strong>)[\/et_pb_text][\/et_pb_column][\/et_pb_row][et_pb_row column_structure=&#8221;1_2,1_2&#8243; _builder_version=&#8221;4.23&#8243; _module_preset=&#8221;default&#8221; global_colors_info=&#8221;{}&#8221;][et_pb_column type=&#8221;1_2&#8243; _builder_version=&#8221;4.23&#8243; _module_preset=&#8221;default&#8221; global_colors_info=&#8221;{}&#8221;][et_pb_image src=&#8221;https:\/\/hbim4lazioheritage.ispc.cnr.it\/wp-content\/uploads\/2023\/10\/innova-logo-black.png&#8221; title_text=&#8221;innova-logo-black&#8221; url=&#8221;https:\/\/www.innovaway.it\/homepage&#8221; url_new_window=&#8221;on&#8221; _builder_version=&#8221;4.23&#8243; _module_preset=&#8221;default&#8221; custom_margin=&#8221;|2px||||&#8221; global_colors_info=&#8221;{}&#8221;][\/et_pb_image][\/et_pb_column][et_pb_column type=&#8221;1_2&#8243; _builder_version=&#8221;4.23&#8243; _module_preset=&#8221;default&#8221; global_colors_info=&#8221;{}&#8221;][et_pb_text _builder_version=&#8221;4.23.1&#8243; _module_preset=&#8221;default&#8221; global_colors_info=&#8221;{}&#8221;]Innovaway, tra i maggiori player di riferimento nell&#8217;offrire soluzioni e servizi ICT innovativi, sviluppati con tecnologie all\u2019avanguardia, con il quale \u00e8 attiva una collaborazione con il progetto Pon IDEHA, in particolare con l\u2019OR2 \u201cHBIM sostenibile per la conservazione, gestione e valorizzazione dei siti\u201d per lo sviluppo di una piattaforma open BIM per la gestione di sensoristica IOT. (<strong><a href=\"https:\/\/www.innovaway.it\/homepage\" target=\"_blank\" rel=\"noopener\">https:\/\/www.innovaway.it\/homepage<\/a><\/strong>)[\/et_pb_text][\/et_pb_column][\/et_pb_row][\/et_pb_section]<\/p>","protected":false},"excerpt":{"rendered":"<p>Collaborazioni e connessione con la struttura imprenditorialeIl progetto propone la definizione di un protocollo con cui regolare il flusso di lavoro legato alla creazione di un modello informativo (HBIM) in grado di documentare i luoghi di cultura visitabili e fruibili da un ampio pubblico (museo, edifici pubblici, siti archeologici ecc.). Per questa peculiarit\u00e0 di essere [&hellip;]<\/p>","protected":false},"author":1,"featured_media":0,"parent":0,"menu_order":0,"comment_status":"closed","ping_status":"closed","template":"","meta":{"_et_pb_use_builder":"on","_et_pb_old_content":"<style>\/*! elementor - v3.7.8 - 02-10-2022 *\/\n.elementor-widget-divider{--divider-border-style:none;--divider-border-width:1px;--divider-color:#2c2c2c;--divider-icon-size:20px;--divider-element-spacing:10px;--divider-pattern-height:24px;--divider-pattern-size:20px;--divider-pattern-url:none;--divider-pattern-repeat:repeat-x}.elementor-widget-divider .elementor-divider{display:-webkit-box;display:-ms-flexbox;display:flex}.elementor-widget-divider .elementor-divider__text{font-size:15px;line-height:1;max-width:95%}.elementor-widget-divider .elementor-divider__element{margin:0 var(--divider-element-spacing);-ms-flex-negative:0;flex-shrink:0}.elementor-widget-divider .elementor-icon{font-size:var(--divider-icon-size)}.elementor-widget-divider .elementor-divider-separator{display:-webkit-box;display:-ms-flexbox;display:flex;margin:0;direction:ltr}.elementor-widget-divider--view-line_icon .elementor-divider-separator,.elementor-widget-divider--view-line_text .elementor-divider-separator{-webkit-box-align:center;-ms-flex-align:center;align-items:center}.elementor-widget-divider--view-line_icon .elementor-divider-separator:after,.elementor-widget-divider--view-line_icon .elementor-divider-separator:before,.elementor-widget-divider--view-line_text .elementor-divider-separator:after,.elementor-widget-divider--view-line_text .elementor-divider-separator:before{display:block;content:\"\";border-bottom:0;-webkit-box-flex:1;-ms-flex-positive:1;flex-grow:1;border-top:var(--divider-border-width) var(--divider-border-style) var(--divider-color)}.elementor-widget-divider--element-align-left .elementor-divider .elementor-divider-separator>.elementor-divider__svg:first-of-type{-webkit-box-flex:0;-ms-flex-positive:0;flex-grow:0;-ms-flex-negative:100;flex-shrink:100}.elementor-widget-divider--element-align-left .elementor-divider-separator:before{content:none}.elementor-widget-divider--element-align-left .elementor-divider__element{margin-left:0}.elementor-widget-divider--element-align-right .elementor-divider .elementor-divider-separator>.elementor-divider__svg:last-of-type{-webkit-box-flex:0;-ms-flex-positive:0;flex-grow:0;-ms-flex-negative:100;flex-shrink:100}.elementor-widget-divider--element-align-right .elementor-divider-separator:after{content:none}.elementor-widget-divider--element-align-right .elementor-divider__element{margin-right:0}.elementor-widget-divider:not(.elementor-widget-divider--view-line_text):not(.elementor-widget-divider--view-line_icon) .elementor-divider-separator{border-top:var(--divider-border-width) var(--divider-border-style) var(--divider-color)}.elementor-widget-divider--separator-type-pattern{--divider-border-style:none}.elementor-widget-divider--separator-type-pattern.elementor-widget-divider--view-line .elementor-divider-separator,.elementor-widget-divider--separator-type-pattern:not(.elementor-widget-divider--view-line) .elementor-divider-separator:after,.elementor-widget-divider--separator-type-pattern:not(.elementor-widget-divider--view-line) .elementor-divider-separator:before,.elementor-widget-divider--separator-type-pattern:not([class*=elementor-widget-divider--view]) .elementor-divider-separator{width:100%;min-height:var(--divider-pattern-height);-webkit-mask-size:var(--divider-pattern-size) 100%;mask-size:var(--divider-pattern-size) 100%;-webkit-mask-repeat:var(--divider-pattern-repeat);mask-repeat:var(--divider-pattern-repeat);background-color:var(--divider-color);-webkit-mask-image:var(--divider-pattern-url);mask-image:var(--divider-pattern-url)}.elementor-widget-divider--no-spacing{--divider-pattern-size:auto}.elementor-widget-divider--bg-round{--divider-pattern-repeat:round}.rtl .elementor-widget-divider .elementor-divider__text{direction:rtl}.e-container>.elementor-widget-divider{width:var(--container-widget-width,100%);--flex-grow:var(--container-widget-flex-grow,0)}<\/style>\t\t\n\t\t\t<style>\/*! elementor - v3.7.8 - 02-10-2022 *\/\n.elementor-heading-title{padding:0;margin:0;line-height:1}.elementor-widget-heading .elementor-heading-title[class*=elementor-size-]>a{color:inherit;font-size:inherit;line-height:inherit}.elementor-widget-heading .elementor-heading-title.elementor-size-small{font-size:15px}.elementor-widget-heading .elementor-heading-title.elementor-size-medium{font-size:19px}.elementor-widget-heading .elementor-heading-title.elementor-size-large{font-size:29px}.elementor-widget-heading .elementor-heading-title.elementor-size-xl{font-size:39px}.elementor-widget-heading .elementor-heading-title.elementor-size-xxl{font-size:59px}<\/style><h1>Partners<\/h1>\t\t\n\t\t\t<h3>Partners Principali<\/h3>\t\t\n\t\t\t<h3><a href=\"https:\/\/www.ispc.cnr.it\/it_it\/2021\/04\/19\/bhilab\/\" target=\"_blank\" rel=\"noopener\">BHiLab<\/a><\/h3>\t\t\n\t\t\t<style>\/*! elementor - v3.7.8 - 02-10-2022 *\/\n.elementor-widget-image{text-align:center}.elementor-widget-image a{display:inline-block}.elementor-widget-image a img[src$=\".svg\"]{width:48px}.elementor-widget-image img{vertical-align:middle;display:inline-block}<\/style>\t\t\t\t\t\t\t\t\t\t\t\t\t<a href=\"https:\/\/www.ispc.cnr.it\/it_it\/\" target=\"_blank\" rel=\"noopener\">\n\t\t\t\t\t\t\t<img width=\"1024\" height=\"280\" src=\"https:\/\/hbim4lazioheritage.ispc.cnr.it\/wp-content\/uploads\/2022\/10\/Logo-ISPC-CNR-1024x280.png\" alt=\"\" loading=\"lazy\" srcset=\"https:\/\/hbim4lazioheritage.ispc.cnr.it\/wp-content\/uploads\/2022\/10\/Logo-ISPC-CNR-1024x280.png 1024w, https:\/\/hbim4lazioheritage.ispc.cnr.it\/wp-content\/uploads\/2022\/10\/Logo-ISPC-CNR-300x82.png 300w, https:\/\/hbim4lazioheritage.ispc.cnr.it\/wp-content\/uploads\/2022\/10\/Logo-ISPC-CNR-768x210.png 768w, https:\/\/hbim4lazioheritage.ispc.cnr.it\/wp-content\/uploads\/2022\/10\/Logo-ISPC-CNR-18x5.png 18w, https:\/\/hbim4lazioheritage.ispc.cnr.it\/wp-content\/uploads\/2022\/10\/Logo-ISPC-CNR.png 1513w\" sizes=\"(max-width: 1024px) 100vw, 1024px\" \/>\t\t\t\t\t\t\t\t<\/a>\n\t\t\t<h3><a href=\"https:\/\/web.uniroma1.it\/dsdra\/\" target=\"_blank\" rel=\"noopener\">DSDRA<\/a><\/h3>\t\t\n\t\t\t\t\t\t\t\t\t\t\t\t\t\t\t\t<a href=\"https:\/\/www.uniroma1.it\/\" target=\"_blank\" rel=\"noopener\">\n\t\t\t\t\t\t\t<img width=\"768\" height=\"210\" src=\"https:\/\/hbim4lazioheritage.ispc.cnr.it\/wp-content\/uploads\/2022\/10\/Logo-Sapienza-768x210.png\" alt=\"\" loading=\"lazy\" srcset=\"https:\/\/hbim4lazioheritage.ispc.cnr.it\/wp-content\/uploads\/2022\/10\/Logo-Sapienza-768x210.png 768w, https:\/\/hbim4lazioheritage.ispc.cnr.it\/wp-content\/uploads\/2022\/10\/Logo-Sapienza-300x82.png 300w, https:\/\/hbim4lazioheritage.ispc.cnr.it\/wp-content\/uploads\/2022\/10\/Logo-Sapienza-1024x280.png 1024w, https:\/\/hbim4lazioheritage.ispc.cnr.it\/wp-content\/uploads\/2022\/10\/Logo-Sapienza-18x5.png 18w, https:\/\/hbim4lazioheritage.ispc.cnr.it\/wp-content\/uploads\/2022\/10\/Logo-Sapienza.png 1513w\" sizes=\"(max-width: 768px) 100vw, 768px\" \/>\t\t\t\t\t\t\t\t<\/a>\n\t\t\t<h3>Partners Secondari<\/h3>\t\t\n\t\t\t\t\t\t\t\t\t\t\t\t\t\t\t\t<a href=\"https:\/\/www.systemasrl.it\/\" target=\"_blank\" rel=\"noopener\">\n\t\t\t\t\t\t\t<img width=\"300\" height=\"57\" src=\"https:\/\/hbim4lazioheritage.ispc.cnr.it\/wp-content\/uploads\/2022\/10\/logo-systema-300x57.png\" alt=\"\" loading=\"lazy\" srcset=\"https:\/\/hbim4lazioheritage.ispc.cnr.it\/wp-content\/uploads\/2022\/10\/logo-systema-300x57.png 300w, https:\/\/hbim4lazioheritage.ispc.cnr.it\/wp-content\/uploads\/2022\/10\/logo-systema-18x3.png 18w, https:\/\/hbim4lazioheritage.ispc.cnr.it\/wp-content\/uploads\/2022\/10\/logo-systema.png 573w\" sizes=\"(max-width: 300px) 100vw, 300px\" \/>\t\t\t\t\t\t\t\t<\/a>\n\t\t\t\t\t\t\t\t\t\t\t\t\t\t\t\t<a href=\"https:\/\/www.uniroma1.it\/\" target=\"_blank\" rel=\"noopener\">\n\t\t\t\t\t\t\t<img width=\"300\" height=\"82\" src=\"https:\/\/hbim4lazioheritage.ispc.cnr.it\/wp-content\/uploads\/2022\/10\/Logo-Sapienza-300x82.png\" alt=\"\" loading=\"lazy\" srcset=\"https:\/\/hbim4lazioheritage.ispc.cnr.it\/wp-content\/uploads\/2022\/10\/Logo-Sapienza-300x82.png 300w, https:\/\/hbim4lazioheritage.ispc.cnr.it\/wp-content\/uploads\/2022\/10\/Logo-Sapienza-1024x280.png 1024w, https:\/\/hbim4lazioheritage.ispc.cnr.it\/wp-content\/uploads\/2022\/10\/Logo-Sapienza-768x210.png 768w, https:\/\/hbim4lazioheritage.ispc.cnr.it\/wp-content\/uploads\/2022\/10\/Logo-Sapienza-18x5.png 18w, https:\/\/hbim4lazioheritage.ispc.cnr.it\/wp-content\/uploads\/2022\/10\/Logo-Sapienza.png 1513w\" sizes=\"(max-width: 300px) 100vw, 300px\" \/>\t\t\t\t\t\t\t\t<\/a>\n\t\t\t<h3>Finanziatori<\/h3>\t\t\n\t\t\t\t\t\t\t\t\t\t\t\t\t\t\t\t<a href=\"https:\/\/www.regione.lazio.it\/\" target=\"_blank\" rel=\"noopener\">\n\t\t\t\t\t\t\t<img width=\"300\" height=\"105\" src=\"https:\/\/hbim4lazioheritage.ispc.cnr.it\/wp-content\/uploads\/2022\/10\/Logo-Regione-Lazio-300x105.png\" alt=\"\" loading=\"lazy\" srcset=\"https:\/\/hbim4lazioheritage.ispc.cnr.it\/wp-content\/uploads\/2022\/10\/Logo-Regione-Lazio-300x105.png 300w, https:\/\/hbim4lazioheritage.ispc.cnr.it\/wp-content\/uploads\/2022\/10\/Logo-Regione-Lazio-18x6.png 18w, https:\/\/hbim4lazioheritage.ispc.cnr.it\/wp-content\/uploads\/2022\/10\/Logo-Regione-Lazio.png 567w\" sizes=\"(max-width: 300px) 100vw, 300px\" \/>\t\t\t\t\t\t\t\t<\/a>\n\t\t\t<h3>Stakeholders<\/h3>\t\t\n\t\t<p>Gli stakeholder sono i destinatari indiretti di interesse e potenziale beneficio dai temi di HBIM4LazioHeritage, in particolare i gestori e gli amministratori dei luoghi della cultura, che possono trarre da HBIM4LazioHeritage procedure e policy per l\u2019ottimizzazione dei processi energetici, dei flussi di visitatori e la sicurezza\/vigilanza degli spazi espositivi.<\/p><p>Potenziali stakeholder sono anche utenti selezionati che potranno testare le funzionalit\u00e0 della soluzione in forma beta nell\u2019ambiente cloud che ospiter\u00e0 la soluzione HBIM4lazioHERITAGE.<\/p><p>I feedback dagli utenti sono utilizzati per migliorare e adeguare alle necessit\u00e0 del mercato la piattaforma HBIM4lazioHERITAGE.<\/p>","_et_gb_content_width":"","_themeisle_gutenberg_block_has_review":false,"footnotes":""},"class_list":["post-723","page","type-page","status-publish","hentry"],"_links":{"self":[{"href":"https:\/\/hbim4lazioheritage.ispc.cnr.it\/en\/wp-json\/wp\/v2\/pages\/723","targetHints":{"allow":["GET"]}}],"collection":[{"href":"https:\/\/hbim4lazioheritage.ispc.cnr.it\/en\/wp-json\/wp\/v2\/pages"}],"about":[{"href":"https:\/\/hbim4lazioheritage.ispc.cnr.it\/en\/wp-json\/wp\/v2\/types\/page"}],"author":[{"embeddable":true,"href":"https:\/\/hbim4lazioheritage.ispc.cnr.it\/en\/wp-json\/wp\/v2\/users\/1"}],"replies":[{"embeddable":true,"href":"https:\/\/hbim4lazioheritage.ispc.cnr.it\/en\/wp-json\/wp\/v2\/comments?post=723"}],"version-history":[{"count":42,"href":"https:\/\/hbim4lazioheritage.ispc.cnr.it\/en\/wp-json\/wp\/v2\/pages\/723\/revisions"}],"predecessor-version":[{"id":1212,"href":"https:\/\/hbim4lazioheritage.ispc.cnr.it\/en\/wp-json\/wp\/v2\/pages\/723\/revisions\/1212"}],"wp:attachment":[{"href":"https:\/\/hbim4lazioheritage.ispc.cnr.it\/en\/wp-json\/wp\/v2\/media?parent=723"}],"curies":[{"name":"wp","href":"https:\/\/api.w.org\/{rel}","templated":true}]}}